{"id":936,"date":"2021-07-07T15:45:15","date_gmt":"2021-07-07T13:45:15","guid":{"rendered":"https:\/\/bslthemes.site\/tastyc\/?page_id=936"},"modified":"2026-03-03T16:21:31","modified_gmt":"2026-03-03T15:21:31","slug":"galerie","status":"publish","type":"page","link":"https:\/\/lamangouste.net\/index.php\/galerie\/","title":{"rendered":"Galerie"},"content":{"rendered":"\t\t<div data-elementor-type=\"wp-page\" data-elementor-id=\"936\" class=\"elementor elementor-936\">\n\t\t\t\t\t\t\t\t\t<section class=\"elementor-section elementor-top-section elementor-element elementor-element-736a647 elementor-section-full_width elementor-section-height-default elementor-section-height-default\" data-id=\"736a647\" data-element_type=\"section\">\n\t\t\t\t\t\t<div class=\"elementor-container elementor-column-gap-no\">\n\t\t\t\t\t<div class=\"elementor-column elementor-col-100 elementor-top-column elementor-element elementor-element-8ce0206\" data-id=\"8ce0206\" data-element_type=\"column\">\n\t\t\t<div class=\"elementor-widget-wrap elementor-element-populated\">\n\t\t\t\t\t\t\t\t<div class=\"elementor-element elementor-element-fbafac0 elementor-widget elementor-widget-tastyc-gallery\" data-id=\"fbafac0\" data-element_type=\"widget\" data-widget_type=\"tastyc-gallery.default\">\n\t\t\t\t<div class=\"elementor-widget-container\">\n\t\t\t\n\t\t<div class=\"container\">\n\t\t    <div class=\"row\">\n\t\t\t\t\t\t\t<\/div>\n\n\t\t\t\t\t    <div class=\"flex-container js-gallery js-lightbox js-sort row\">\n\t\t\t\t\n\n<!-- ItemGallery -->\n<div class=\"col-lg-4 col-md-4 col-sm-6 col-xs-12 itemGallery category-desserts \">\n<div class=\"itemGallery__box\">\n\t\t<a class=\"itemGallery__link\" href=\"https:\/\/lamangouste.net\/wp-content\/uploads\/2021\/07\/IMG_069.jpg\" data-size=\"1920x1080\">\n\t\t<img decoding=\"async\" class=\"cover\" src=\"https:\/\/lamangouste.net\/wp-content\/uploads\/2021\/07\/IMG_069.jpg\" alt=\"Strawberry dessert\" \/>\n\t<\/a>\n\t\t<div class=\"itemGallery__details\">\n\t\t\t\t\t<\/div>\n<\/div>\n<\/div>\n\n<!-- ItemGallery -->\n<div class=\"col-lg-4 col-md-4 col-sm-6 col-xs-12 itemGallery category-desserts \">\n<div class=\"itemGallery__box\">\n\t\t<a class=\"itemGallery__link\" href=\"https:\/\/lamangouste.net\/wp-content\/uploads\/2022\/03\/IMG_20210902_185257_635.jpg\" data-size=\"1920x1080\">\n\t\t<img decoding=\"async\" class=\"cover\" src=\"https:\/\/lamangouste.net\/wp-content\/uploads\/2022\/03\/IMG_20210902_185257_635-950x950.jpg\" alt=\"Entr\u00e9e\" \/>\n\t<\/a>\n\t\t<div class=\"itemGallery__details\">\n\t\t\t\t\t<\/div>\n<\/div>\n<\/div>\n\n<!-- ItemGallery -->\n<div class=\"col-lg-4 col-md-4 col-sm-6 col-xs-12 itemGallery category-desserts \">\n<div class=\"itemGallery__box\">\n\t\t<a class=\"itemGallery__link\" href=\"https:\/\/lamangouste.net\/wp-content\/uploads\/2022\/03\/Pizza-7.jpeg\" data-size=\"1920x1080\">\n\t\t<img decoding=\"async\" class=\"cover\" src=\"https:\/\/lamangouste.net\/wp-content\/uploads\/2022\/03\/Pizza-7-950x1041.jpeg\" alt=\"Pizza 7\" \/>\n\t<\/a>\n\t\t<div class=\"itemGallery__details\">\n\t\t\t\t\t<\/div>\n<\/div>\n<\/div>\n\n<!-- ItemGallery -->\n<div class=\"col-lg-4 col-md-4 col-sm-6 col-xs-12 itemGallery category-desserts \">\n<div class=\"itemGallery__box\">\n\t\t<a class=\"itemGallery__link\" href=\"https:\/\/lamangouste.net\/wp-content\/uploads\/2022\/03\/IMG_083.jpg\" data-size=\"1920x1080\">\n\t\t<img decoding=\"async\" class=\"cover\" src=\"https:\/\/lamangouste.net\/wp-content\/uploads\/2022\/03\/IMG_083.jpg\" alt=\"Plat\" \/>\n\t<\/a>\n\t\t<div class=\"itemGallery__details\">\n\t\t\t\t\t<\/div>\n<\/div>\n<\/div>\n\n<!-- ItemGallery -->\n<div class=\"col-lg-4 col-md-4 col-sm-6 col-xs-12 itemGallery category-desserts \">\n<div class=\"itemGallery__box\">\n\t\t<a class=\"itemGallery__link\" href=\"https:\/\/lamangouste.net\/wp-content\/uploads\/2022\/03\/IMG_033.jpg\" data-size=\"1920x1080\">\n\t\t<img decoding=\"async\" class=\"cover\" src=\"https:\/\/lamangouste.net\/wp-content\/uploads\/2022\/03\/IMG_033.jpg\" alt=\"Cocktails\" \/>\n\t<\/a>\n\t\t<div class=\"itemGallery__details\">\n\t\t\t\t\t<\/div>\n<\/div>\n<\/div>\n\n<!-- ItemGallery -->\n<div class=\"col-lg-4 col-md-4 col-sm-6 col-xs-12 itemGallery category-desserts \">\n<div class=\"itemGallery__box\">\n\t\t<a class=\"itemGallery__link\" href=\"https:\/\/lamangouste.net\/wp-content\/uploads\/2022\/03\/IMG_089.jpg\" data-size=\"1920x1080\">\n\t\t<img decoding=\"async\" class=\"cover\" src=\"https:\/\/lamangouste.net\/wp-content\/uploads\/2022\/03\/IMG_089.jpg\" alt=\"Sommeli\u00e8re\" \/>\n\t<\/a>\n\t\t<div class=\"itemGallery__details\">\n\t\t\t\t\t<\/div>\n<\/div>\n<\/div>\n\n<!-- ItemGallery -->\n<div class=\"col-lg-4 col-md-4 col-sm-6 col-xs-12 itemGallery category-desserts \">\n<div class=\"itemGallery__box\">\n\t\t<a class=\"itemGallery__link\" href=\"https:\/\/lamangouste.net\/wp-content\/uploads\/2022\/03\/IMG_025.jpg\" data-size=\"1920x1080\">\n\t\t<img decoding=\"async\" class=\"cover\" src=\"https:\/\/lamangouste.net\/wp-content\/uploads\/2022\/03\/IMG_025-950x633.jpg\" alt=\"Salle bleue\" \/>\n\t<\/a>\n\t\t<div class=\"itemGallery__details\">\n\t\t\t\t\t<\/div>\n<\/div>\n<\/div>\n\n<!-- ItemGallery -->\n<div class=\"col-lg-4 col-md-4 col-sm-6 col-xs-12 itemGallery category-desserts \">\n<div class=\"itemGallery__box\">\n\t\t<a class=\"itemGallery__link\" href=\"https:\/\/lamangouste.net\/wp-content\/uploads\/2021\/07\/IMG_076.jpg\" data-size=\"1920x1080\">\n\t\t<img decoding=\"async\" class=\"cover\" src=\"https:\/\/lamangouste.net\/wp-content\/uploads\/2021\/07\/IMG_076.jpg\" alt=\"Cakes\" \/>\n\t<\/a>\n\t\t<div class=\"itemGallery__details\">\n\t\t\t\t\t<\/div>\n<\/div>\n<\/div>\n\n<!-- ItemGallery -->\n<div class=\"col-lg-4 col-md-4 col-sm-6 col-xs-12 itemGallery category-desserts \">\n<div class=\"itemGallery__box\">\n\t\t<a class=\"itemGallery__link\" href=\"https:\/\/lamangouste.net\/wp-content\/uploads\/2021\/07\/IMG_059.jpg\" data-size=\"1920x1080\">\n\t\t<img decoding=\"async\" class=\"cover\" src=\"https:\/\/lamangouste.net\/wp-content\/uploads\/2021\/07\/IMG_059.jpg\" alt=\"Ice cream\" \/>\n\t<\/a>\n\t\t<div class=\"itemGallery__details\">\n\t\t\t\t\t<\/div>\n<\/div>\n<\/div>\n\n<!-- ItemGallery -->\n<div class=\"col-lg-4 col-md-4 col-sm-6 col-xs-12 itemGallery category-dishes \">\n<div class=\"itemGallery__box\">\n\t\t<a class=\"itemGallery__link\" href=\"https:\/\/lamangouste.net\/wp-content\/uploads\/2021\/07\/IMG_075.jpg\" data-size=\"1920x1080\">\n\t\t<img decoding=\"async\" class=\"cover\" src=\"https:\/\/lamangouste.net\/wp-content\/uploads\/2021\/07\/IMG_075.jpg\" alt=\"Crawfish\" \/>\n\t<\/a>\n\t\t<div class=\"itemGallery__details\">\n\t\t\t\t\t<\/div>\n<\/div>\n<\/div>\n\n<!-- ItemGallery -->\n<div class=\"col-lg-4 col-md-4 col-sm-6 col-xs-12 itemGallery category-dishes \">\n<div class=\"itemGallery__box\">\n\t\t<a class=\"itemGallery__link\" href=\"https:\/\/lamangouste.net\/wp-content\/uploads\/2022\/03\/bienmangerbienboire.jpg\" data-size=\"1920x1080\">\n\t\t<img decoding=\"async\" class=\"cover\" src=\"https:\/\/lamangouste.net\/wp-content\/uploads\/2022\/03\/bienmangerbienboire-950x962.jpg\" alt=\"Fish soup\" \/>\n\t<\/a>\n\t\t<div class=\"itemGallery__details\">\n\t\t\t\t\t<\/div>\n<\/div>\n<\/div>\n\n<!-- ItemGallery -->\n<div class=\"col-lg-4 col-md-4 col-sm-6 col-xs-12 itemGallery category-drinks \">\n<div class=\"itemGallery__box\">\n\t\t<a class=\"itemGallery__link\" href=\"https:\/\/lamangouste.net\/wp-content\/uploads\/2021\/07\/IMG_080.jpg\" data-size=\"1920x1080\">\n\t\t<img decoding=\"async\" class=\"cover\" src=\"https:\/\/lamangouste.net\/wp-content\/uploads\/2021\/07\/IMG_080.jpg\" alt=\"Cola\" \/>\n\t<\/a>\n\t\t<div class=\"itemGallery__details\">\n\t\t\t\t\t<\/div>\n<\/div>\n<\/div>\n\n<!-- ItemGallery -->\n<div class=\"col-lg-4 col-md-4 col-sm-6 col-xs-12 itemGallery category-desserts \">\n<div class=\"itemGallery__box\">\n\t\t<a class=\"itemGallery__link\" href=\"https:\/\/lamangouste.net\/wp-content\/uploads\/2021\/04\/Gallerie-5.jpg\" data-size=\"1920x1080\">\n\t\t<img decoding=\"async\" class=\"cover\" src=\"https:\/\/lamangouste.net\/wp-content\/uploads\/2021\/04\/Gallerie-5-950x634.jpg\" alt=\"Cake\" \/>\n\t<\/a>\n\t\t<div class=\"itemGallery__details\">\n\t\t\t\t\t<\/div>\n<\/div>\n<\/div>\n\n<!-- ItemGallery -->\n<div class=\"col-lg-4 col-md-4 col-sm-6 col-xs-12 itemGallery category-drinks \">\n<div class=\"itemGallery__box\">\n\t\t<a class=\"itemGallery__link\" href=\"https:\/\/lamangouste.net\/wp-content\/uploads\/2021\/05\/lecoinrestau.jpg\" data-size=\"1920x1080\">\n\t\t<img decoding=\"async\" class=\"cover\" src=\"https:\/\/lamangouste.net\/wp-content\/uploads\/2021\/05\/lecoinrestau-950x1087.jpg\" alt=\"Bear\" \/>\n\t<\/a>\n\t\t<div class=\"itemGallery__details\">\n\t\t\t\t\t<\/div>\n<\/div>\n<\/div>\n\n<!-- ItemGallery -->\n<div class=\"col-lg-4 col-md-4 col-sm-6 col-xs-12 itemGallery category-dishes \">\n<div class=\"itemGallery__box\">\n\t\t<a class=\"itemGallery__link\" href=\"https:\/\/lamangouste.net\/wp-content\/uploads\/2022\/02\/4-fromages.jpg\" data-size=\"1920x1080\">\n\t\t<img decoding=\"async\" class=\"cover\" src=\"https:\/\/lamangouste.net\/wp-content\/uploads\/2022\/02\/4-fromages-950x634.jpg\" alt=\"Pizza\" \/>\n\t<\/a>\n\t\t<div class=\"itemGallery__details\">\n\t\t\t\t\t<\/div>\n<\/div>\n<\/div>\t\t\t<\/div>\n\n\t\t\t\n\t\t\t\n\t\t\t\n\t\t\t\n\t\t<\/div>\n\n\t\t\t\t<\/div>\n\t\t\t\t<\/div>\n\t\t\t\t\t<\/div>\n\t\t<\/div>\n\t\t\t\t\t\t\t<\/div>\n\t\t<\/section>\n\t\t\t\t\t\t\t<\/div>\n\t\t","protected":false},"excerpt":{"rendered":"","protected":false},"author":1,"featured_media":0,"parent":0,"menu_order":0,"comment_status":"closed","ping_status":"closed","template":"template-layout-builder.php","meta":{"footnotes":""},"class_list":["post-936","page","type-page","status-publish","hentry"],"acf":[],"yoast_head":"<!-- This site is optimized with the Yoast SEO plugin v21.7 - https:\/\/yoast.com\/wordpress\/plugins\/seo\/ -->\n<title>Galerie - La Mangouste<\/title>\n<meta name=\"description\" content=\"Restaurant - La Mangouste - Nantes. Un petit avant go\u00fbt de ce qui vous attends \u00e0 la Mangouste, pour vous mettre l&#039;eau \u00e0 la bouche !\" \/>\n<meta name=\"robots\" content=\"index, follow, max-snippet:-1, max-image-preview:large, max-video-preview:-1\" \/>\n<link rel=\"canonical\" href=\"https:\/\/lamangouste.net\/index.php\/galerie\/\" \/>\n<meta property=\"og:locale\" content=\"fr_FR\" \/>\n<meta property=\"og:type\" content=\"article\" \/>\n<meta property=\"og:title\" content=\"Galerie - La Mangouste\" \/>\n<meta property=\"og:description\" content=\"Restaurant - La Mangouste - Nantes. Un petit avant go\u00fbt de ce qui vous attends \u00e0 la Mangouste, pour vous mettre l&#039;eau \u00e0 la bouche !\" \/>\n<meta property=\"og:url\" content=\"https:\/\/lamangouste.net\/index.php\/galerie\/\" \/>\n<meta property=\"og:site_name\" content=\"La Mangouste\" \/>\n<meta property=\"article:publisher\" content=\"https:\/\/www.facebook.com\/LaMangousteNantes\" \/>\n<meta property=\"article:modified_time\" content=\"2026-03-03T15:21:31+00:00\" \/>\n<meta property=\"og:image\" content=\"https:\/\/lamangouste.net\/wp-content\/uploads\/2022\/03\/IMG_20210902_185257_635-950x950.jpg\" \/>\n<meta name=\"twitter:card\" content=\"summary_large_image\" \/>\n<meta name=\"twitter:label1\" content=\"Dur\u00e9e de lecture estim\u00e9e\" \/>\n\t<meta name=\"twitter:data1\" content=\"3 minutes\" \/>\n<script type=\"application\/ld+json\" class=\"yoast-schema-graph\">{\"@context\":\"https:\/\/schema.org\",\"@graph\":[{\"@type\":\"WebPage\",\"@id\":\"https:\/\/lamangouste.net\/index.php\/galerie\/\",\"url\":\"https:\/\/lamangouste.net\/index.php\/galerie\/\",\"name\":\"Galerie - La Mangouste\",\"isPartOf\":{\"@id\":\"https:\/\/lamangouste.net\/#website\"},\"datePublished\":\"2021-07-07T13:45:15+00:00\",\"dateModified\":\"2026-03-03T15:21:31+00:00\",\"description\":\"Restaurant - La Mangouste - Nantes. Un petit avant go\u00fbt de ce qui vous attends \u00e0 la Mangouste, pour vous mettre l'eau \u00e0 la bouche !\",\"breadcrumb\":{\"@id\":\"https:\/\/lamangouste.net\/index.php\/galerie\/#breadcrumb\"},\"inLanguage\":\"fr-FR\",\"potentialAction\":[{\"@type\":\"ReadAction\",\"target\":[\"https:\/\/lamangouste.net\/index.php\/galerie\/\"]}]},{\"@type\":\"BreadcrumbList\",\"@id\":\"https:\/\/lamangouste.net\/index.php\/galerie\/#breadcrumb\",\"itemListElement\":[{\"@type\":\"ListItem\",\"position\":1,\"name\":\"Accueil\",\"item\":\"https:\/\/lamangouste.net\/\"},{\"@type\":\"ListItem\",\"position\":2,\"name\":\"Galerie\"}]},{\"@type\":\"WebSite\",\"@id\":\"https:\/\/lamangouste.net\/#website\",\"url\":\"https:\/\/lamangouste.net\/\",\"name\":\"La Mangouste\",\"description\":\"Nantes - Restaurant - Bar \u00e0 cocktail - Vins naturels\",\"publisher\":{\"@id\":\"https:\/\/lamangouste.net\/#organization\"},\"potentialAction\":[{\"@type\":\"SearchAction\",\"target\":{\"@type\":\"EntryPoint\",\"urlTemplate\":\"https:\/\/lamangouste.net\/?s={search_term_string}\"},\"query-input\":\"required name=search_term_string\"}],\"inLanguage\":\"fr-FR\"},{\"@type\":\"Organization\",\"@id\":\"https:\/\/lamangouste.net\/#organization\",\"name\":\"La Mangouste\",\"url\":\"https:\/\/lamangouste.net\/\",\"logo\":{\"@type\":\"ImageObject\",\"inLanguage\":\"fr-FR\",\"@id\":\"https:\/\/lamangouste.net\/#\/schema\/logo\/image\/\",\"url\":\"https:\/\/lamangouste.net\/wp-content\/uploads\/2021\/04\/logo-jaune-et-bleu.png\",\"contentUrl\":\"https:\/\/lamangouste.net\/wp-content\/uploads\/2021\/04\/logo-jaune-et-bleu.png\",\"width\":1142,\"height\":150,\"caption\":\"La Mangouste\"},\"image\":{\"@id\":\"https:\/\/lamangouste.net\/#\/schema\/logo\/image\/\"},\"sameAs\":[\"https:\/\/www.facebook.com\/LaMangousteNantes\",\"https:\/\/www.instagram.com\/lamangousterestaurant\/?hl=fr\"]}]}<\/script>\n<!-- \/ Yoast SEO plugin. -->","yoast_head_json":{"title":"Galerie - La Mangouste","description":"Restaurant - La Mangouste - Nantes. Un petit avant go\u00fbt de ce qui vous attends \u00e0 la Mangouste, pour vous mettre l'eau \u00e0 la bouche !","robots":{"index":"index","follow":"follow","max-snippet":"max-snippet:-1","max-image-preview":"max-image-preview:large","max-video-preview":"max-video-preview:-1"},"canonical":"https:\/\/lamangouste.net\/index.php\/galerie\/","og_locale":"fr_FR","og_type":"article","og_title":"Galerie - La Mangouste","og_description":"Restaurant - La Mangouste - Nantes. Un petit avant go\u00fbt de ce qui vous attends \u00e0 la Mangouste, pour vous mettre l'eau \u00e0 la bouche !","og_url":"https:\/\/lamangouste.net\/index.php\/galerie\/","og_site_name":"La Mangouste","article_publisher":"https:\/\/www.facebook.com\/LaMangousteNantes","article_modified_time":"2026-03-03T15:21:31+00:00","og_image":[{"url":"https:\/\/lamangouste.net\/wp-content\/uploads\/2022\/03\/IMG_20210902_185257_635-950x950.jpg"}],"twitter_card":"summary_large_image","twitter_misc":{"Dur\u00e9e de lecture estim\u00e9e":"3 minutes"},"schema":{"@context":"https:\/\/schema.org","@graph":[{"@type":"WebPage","@id":"https:\/\/lamangouste.net\/index.php\/galerie\/","url":"https:\/\/lamangouste.net\/index.php\/galerie\/","name":"Galerie - La Mangouste","isPartOf":{"@id":"https:\/\/lamangouste.net\/#website"},"datePublished":"2021-07-07T13:45:15+00:00","dateModified":"2026-03-03T15:21:31+00:00","description":"Restaurant - La Mangouste - Nantes. Un petit avant go\u00fbt de ce qui vous attends \u00e0 la Mangouste, pour vous mettre l'eau \u00e0 la bouche !","breadcrumb":{"@id":"https:\/\/lamangouste.net\/index.php\/galerie\/#breadcrumb"},"inLanguage":"fr-FR","potentialAction":[{"@type":"ReadAction","target":["https:\/\/lamangouste.net\/index.php\/galerie\/"]}]},{"@type":"BreadcrumbList","@id":"https:\/\/lamangouste.net\/index.php\/galerie\/#breadcrumb","itemListElement":[{"@type":"ListItem","position":1,"name":"Accueil","item":"https:\/\/lamangouste.net\/"},{"@type":"ListItem","position":2,"name":"Galerie"}]},{"@type":"WebSite","@id":"https:\/\/lamangouste.net\/#website","url":"https:\/\/lamangouste.net\/","name":"La Mangouste","description":"Nantes - Restaurant - Bar \u00e0 cocktail - Vins naturels","publisher":{"@id":"https:\/\/lamangouste.net\/#organization"},"potentialAction":[{"@type":"SearchAction","target":{"@type":"EntryPoint","urlTemplate":"https:\/\/lamangouste.net\/?s={search_term_string}"},"query-input":"required name=search_term_string"}],"inLanguage":"fr-FR"},{"@type":"Organization","@id":"https:\/\/lamangouste.net\/#organization","name":"La Mangouste","url":"https:\/\/lamangouste.net\/","logo":{"@type":"ImageObject","inLanguage":"fr-FR","@id":"https:\/\/lamangouste.net\/#\/schema\/logo\/image\/","url":"https:\/\/lamangouste.net\/wp-content\/uploads\/2021\/04\/logo-jaune-et-bleu.png","contentUrl":"https:\/\/lamangouste.net\/wp-content\/uploads\/2021\/04\/logo-jaune-et-bleu.png","width":1142,"height":150,"caption":"La Mangouste"},"image":{"@id":"https:\/\/lamangouste.net\/#\/schema\/logo\/image\/"},"sameAs":["https:\/\/www.facebook.com\/LaMangousteNantes","https:\/\/www.instagram.com\/lamangousterestaurant\/?hl=fr"]}]}},"_links":{"self":[{"href":"https:\/\/lamangouste.net\/index.php\/wp-json\/wp\/v2\/pages\/936","targetHints":{"allow":["GET"]}}],"collection":[{"href":"https:\/\/lamangouste.net\/index.php\/wp-json\/wp\/v2\/pages"}],"about":[{"href":"https:\/\/lamangouste.net\/index.php\/wp-json\/wp\/v2\/types\/page"}],"author":[{"embeddable":true,"href":"https:\/\/lamangouste.net\/index.php\/wp-json\/wp\/v2\/users\/1"}],"replies":[{"embeddable":true,"href":"https:\/\/lamangouste.net\/index.php\/wp-json\/wp\/v2\/comments?post=936"}],"version-history":[{"count":19,"href":"https:\/\/lamangouste.net\/index.php\/wp-json\/wp\/v2\/pages\/936\/revisions"}],"predecessor-version":[{"id":3498,"href":"https:\/\/lamangouste.net\/index.php\/wp-json\/wp\/v2\/pages\/936\/revisions\/3498"}],"wp:attachment":[{"href":"https:\/\/lamangouste.net\/index.php\/wp-json\/wp\/v2\/media?parent=936"}],"curies":[{"name":"wp","href":"https:\/\/api.w.org\/{rel}","templated":true}]}}