{"id":624,"date":"2021-05-06T09:17:43","date_gmt":"2021-05-06T07:17:43","guid":{"rendered":"https:\/\/bslthemes.site\/tastyc\/?page_id=624"},"modified":"2026-03-03T16:50:38","modified_gmt":"2026-03-03T15:50:38","slug":"contact","status":"publish","type":"page","link":"https:\/\/lamangouste.net\/index.php\/contact\/","title":{"rendered":"CONTACT"},"content":{"rendered":"\t\t<div data-elementor-type=\"wp-page\" data-elementor-id=\"624\" class=\"elementor elementor-624\">\n\t\t\t\t\t\t\t\t\t<section class=\"elementor-section elementor-top-section elementor-element elementor-element-022cbc0 elementor-section-full_width elementor-section-height-default elementor-section-height-default\" data-id=\"022cbc0\" data-element_type=\"section\">\n\t\t\t\t\t\t<div class=\"elementor-container elementor-column-gap-no\">\n\t\t\t\t\t<div class=\"elementor-column elementor-col-100 elementor-top-column elementor-element elementor-element-c880e8f\" data-id=\"c880e8f\" data-element_type=\"column\">\n\t\t\t<div class=\"elementor-widget-wrap elementor-element-populated\">\n\t\t\t\t\t\t\t\t<div class=\"elementor-element elementor-element-4e096b0 elementor-widget elementor-widget-tastyc-services\" data-id=\"4e096b0\" data-element_type=\"widget\" data-widget_type=\"tastyc-services.default\">\n\t\t\t\t<div class=\"elementor-widget-container\">\n\t\t\t\n\t\t<!-- container -->\n\t\t<div class=\"container\">\n\n\t\t<div class=\"row\">\n\t\t            <div class=\"col-lg-12\">\n\n            <!-- title -->\n            <div class=\"text-center\">\n                            <div class=\"tst-suptitle tst-suptitle-center tst-mb-15\">\n              \t<span >\n\t\t          \tContact\t\t        <\/span>\n              <\/div>\n                                          <h3 class=\"tst-title--h tst-mb-30\">\n              \t<span >\n\t\t          \tOn vous \u00e9coute !\t\t        <\/span>\n              <\/h3>\n                                          <p class=\"tst-text tst-title--desc tst-mb-60\">\n              \t<span >\n\t\t          \tN'h\u00e9sitez pas \u00e0 nous contacter pour r\u00e9server ou poser vos questions ! <br> Sinon, venez nous voir directement \ud83d\ude42 \t\t        <\/span>\n              <\/p>\n                          <\/div>\n            <!-- title end -->\n\n          <\/div>\n          \n          \t\t            <div class=\"col-lg-4\">\n\n            <!-- icon box -->\n            <div class=\"tst-icon-box tst-mb-60\">\n                            <img decoding=\"async\" src=\"\" alt=\"\" class=\"tst-mb-30\" \/>\n                                          <h5 class=\"tst-mb-30\">\n              \t<span >\n\t        \t\t\u00c9crivez-nous\t        \t<\/span>\n              <\/h5>\n                                          <div class=\"tst-text\">\n              \t<div >\n\t        \t\t<p>restaurant.lamangouste@gmail.com<\/p>\t        \t<\/div>\n              <\/div>\n                          <\/div>\n            <!-- icon box end -->\n\n          <\/div>\n                    <div class=\"col-lg-4\">\n\n            <!-- icon box -->\n            <div class=\"tst-icon-box tst-mb-60\">\n                            <img decoding=\"async\" src=\"\" alt=\"\" class=\"tst-mb-30\" \/>\n                                          <h5 class=\"tst-mb-30\">\n              \t<span >\n\t        \t\tAppellez-nous\t        \t<\/span>\n              <\/h5>\n                                          <div class=\"tst-text\">\n              \t<div >\n\t        \t\t<p><a href=\"tel:+251723181\" data-dtype=\"d3ph\" data-local-attribute=\"d3ph\" data-ved=\"2ahUKEwj-z8HMvff1AhWFPOwKHWwmC9EQkAgoAHoECD8QAw\"><span aria-label=\"Appeler le 02 51 72 31 81\">02 51 72 31 81<\/span><\/a><\/p>\t        \t<\/div>\n              <\/div>\n                          <\/div>\n            <!-- icon box end -->\n\n          <\/div>\n                    <div class=\"col-lg-4\">\n\n            <!-- icon box -->\n            <div class=\"tst-icon-box tst-mb-60\">\n                            <img decoding=\"async\" src=\"\" alt=\"\" class=\"tst-mb-30\" \/>\n                                          <h5 class=\"tst-mb-30\">\n              \t<span >\n\t        \t\tVenez nous voir \t        \t<\/span>\n              <\/h5>\n                                          <div class=\"tst-text\">\n              \t<div >\n\t        \t\t<p><a href=\"https:\/\/www.google.com\/maps\/place\/La+Mangouste\/@47.212196,-1.5469442,15z\/data=!4m2!3m1!1s0x0:0x8bc6e8e73d07dae7?sa=X&amp;ved=2ahUKEwj-z8HMvff1AhWFPOwKHWwmC9EQ_BJ6BAgnEAU\">30 Rue Four\u00e9, 44000 Nantes<\/a><\/p>\t        \t<\/div>\n              <\/div>\n                          <\/div>\n            <!-- icon box end -->\n\n          <\/div>\n                    \n        <\/div>\n\n        <div class=\"tst-spacer tst-spacer-only-bottom-space\"><\/div>\n\n\t\t<\/div>\n\t\t<!-- container end -->\n\n\t\t\t\t<\/div>\n\t\t\t\t<\/div>\n\t\t\t\t<div class=\"elementor-element elementor-element-0c47486 elementor-widget elementor-widget-google_maps\" data-id=\"0c47486\" data-element_type=\"widget\" data-widget_type=\"google_maps.default\">\n\t\t\t\t<div class=\"elementor-widget-container\">\n\t\t\t<style>\/*! elementor - v3.18.0 - 20-12-2023 *\/\n.elementor-widget-google_maps .elementor-widget-container{overflow:hidden}.elementor-widget-google_maps .elementor-custom-embed{line-height:0}.elementor-widget-google_maps iframe{height:300px}<\/style>\t\t<div class=\"elementor-custom-embed\">\n\t\t\t<iframe loading=\"lazy\"\n\t\t\t\t\tsrc=\"https:\/\/maps.google.com\/maps?q=30%20rue%20four%C3%A9%20Nantes&#038;t=m&#038;z=13&#038;output=embed&#038;iwloc=near\"\n\t\t\t\t\ttitle=\"30 rue four\u00e9 Nantes\"\n\t\t\t\t\taria-label=\"30 rue four\u00e9 Nantes\"\n\t\t\t><\/iframe>\n\t\t<\/div>\n\t\t\t\t<\/div>\n\t\t\t\t<\/div>\n\t\t\t\t\t<\/div>\n\t\t<\/div>\n\t\t\t\t\t\t\t<\/div>\n\t\t<\/section>\n\t\t\t\t<section class=\"elementor-section elementor-top-section elementor-element elementor-element-db94581 elementor-section-full_width elementor-section-height-default elementor-section-height-default\" data-id=\"db94581\" data-element_type=\"section\">\n\t\t\t\t\t\t<div class=\"elementor-container elementor-column-gap-no\">\n\t\t\t\t\t<div class=\"elementor-column elementor-col-100 elementor-top-column elementor-element elementor-element-c1160d2\" data-id=\"c1160d2\" data-element_type=\"column\">\n\t\t\t<div class=\"elementor-widget-wrap elementor-element-populated\">\n\t\t\t\t\t\t\t\t<div class=\"elementor-element elementor-element-7d2496d elementor-widget elementor-widget-spacer\" data-id=\"7d2496d\" data-element_type=\"widget\" data-widget_type=\"spacer.default\">\n\t\t\t\t<div class=\"elementor-widget-container\">\n\t\t\t<style>\/*! elementor - v3.18.0 - 20-12-2023 *\/\n.elementor-column .elementor-spacer-inner{height:var(--spacer-size)}.e-con{--container-widget-width:100%}.e-con-inner>.elementor-widget-spacer,.e-con>.elementor-widget-spacer{width:var(--container-widget-width,var(--spacer-size));--align-self:var(--container-widget-align-self,initial);--flex-shrink:0}.e-con-inner>.elementor-widget-spacer>.elementor-widget-container,.e-con>.elementor-widget-spacer>.elementor-widget-container{height:100%;width:100%}.e-con-inner>.elementor-widget-spacer>.elementor-widget-container>.elementor-spacer,.e-con>.elementor-widget-spacer>.elementor-widget-container>.elementor-spacer{height:100%}.e-con-inner>.elementor-widget-spacer>.elementor-widget-container>.elementor-spacer>.elementor-spacer-inner,.e-con>.elementor-widget-spacer>.elementor-widget-container>.elementor-spacer>.elementor-spacer-inner{height:var(--container-widget-height,var(--spacer-size))}.e-con-inner>.elementor-widget-spacer.elementor-widget-empty,.e-con>.elementor-widget-spacer.elementor-widget-empty{position:relative;min-height:22px;min-width:22px}.e-con-inner>.elementor-widget-spacer.elementor-widget-empty .elementor-widget-empty-icon,.e-con>.elementor-widget-spacer.elementor-widget-empty .elementor-widget-empty-icon{position:absolute;top:0;bottom:0;left:0;right:0;margin:auto;padding:0;width:22px;height:22px}<\/style>\t\t<div class=\"elementor-spacer\">\n\t\t\t<div class=\"elementor-spacer-inner\"><\/div>\n\t\t<\/div>\n\t\t\t\t<\/div>\n\t\t\t\t<\/div>\n\t\t\t\t<div class=\"elementor-element elementor-element-ac1b8dc elementor-widget elementor-widget-tastyc-contact-form\" data-id=\"ac1b8dc\" data-element_type=\"widget\" data-widget_type=\"tastyc-contact-form.default\">\n\t\t\t\t<div class=\"elementor-widget-container\">\n\t\t\t\n\t\t<!-- container -->\n\t\t<div class=\"container\">\n\n\t\t\t<div class=\"row\">\n\n\t\t\t                <div class=\"col-lg-12\">\n                <!-- title -->\n                <div class=\"text-center\">\n                                    <div class=\"tst-suptitle tst-suptitle-center tst-mb-15\">\n                  \t<span >\n\t\t\t          \tUn petit mot ?\t\t\t        <\/span>\n                  <\/div>\n                                                      <h3 class=\"tst-title--h tst-mb-30\">\n                  \t<span >\n\t\t\t          \t\u00c9crivez-nous\t\t\t        <\/span>\n                  <\/h3>\n                                                      <p class=\"tst-text tst-mb-60\">\n                  \t<span >\n\t\t\t          \t<div><\/div>Vous souhaitez discuter avec nous, nous proposer un partenariat, organiser un \u00e9v\u00e9nement ou rejoindre l\u2019\u00e9quipe ?\t\t\t        <\/span>\n                  <\/p>\n                                  <\/div>\n                <!-- title end -->\n              <\/div>\n          \t  \n          \t                <div class=\"col-lg-12\">\n                \n<div class=\"wpcf7 no-js\" id=\"wpcf7-f669-o1\" lang=\"en-US\" dir=\"ltr\">\n<div class=\"screen-reader-response\"><p role=\"status\" aria-live=\"polite\" aria-atomic=\"true\"><\/p> <ul><\/ul><\/div>\n<form action=\"\/index.php\/wp-json\/wp\/v2\/pages\/624#wpcf7-f669-o1\" method=\"post\" class=\"wpcf7-form init\" aria-label=\"Contact form\" novalidate=\"novalidate\" data-status=\"init\">\n<div style=\"display: none;\">\n<input type=\"hidden\" name=\"_wpcf7\" value=\"669\" \/>\n<input type=\"hidden\" name=\"_wpcf7_version\" value=\"5.8.5\" \/>\n<input type=\"hidden\" name=\"_wpcf7_locale\" value=\"en_US\" \/>\n<input type=\"hidden\" name=\"_wpcf7_unit_tag\" value=\"wpcf7-f669-o1\" \/>\n<input type=\"hidden\" name=\"_wpcf7_container_post\" value=\"0\" \/>\n<input type=\"hidden\" name=\"_wpcf7_posted_data_hash\" value=\"\" \/>\n<\/div>\n<div class=\"text-center\">\n <div class=\"row\">\n  <div class=\"col-lg-6\">\n   <span class=\"wpcf7-form-control-wrap\" data-name=\"cf_firstname\"><input size=\"40\" class=\"wpcf7-form-control wpcf7-text wpcf7-validates-as-required\" aria-required=\"true\" aria-invalid=\"false\" placeholder=\"Pr\u00e9nom\" value=\"\" type=\"text\" name=\"cf_firstname\" \/><\/span>\n  <\/div>\n  <div class=\"col-lg-6\">\n   <span class=\"wpcf7-form-control-wrap\" data-name=\"cf_lastname\"><input size=\"40\" class=\"wpcf7-form-control wpcf7-text wpcf7-validates-as-required\" aria-required=\"true\" aria-invalid=\"false\" placeholder=\"Nom\" value=\"\" type=\"text\" name=\"cf_lastname\" \/><\/span>\n  <\/div>\n  <div class=\"col-lg-6\">\n   <span class=\"wpcf7-form-control-wrap\" data-name=\"cf_phone\"><input size=\"40\" class=\"wpcf7-form-control wpcf7-tel wpcf7-validates-as-required wpcf7-text wpcf7-validates-as-tel\" aria-required=\"true\" aria-invalid=\"false\" placeholder=\"T\u00e9l\u00e9phone\" value=\"\" type=\"tel\" name=\"cf_phone\" \/><\/span>\n  <\/div>\n  <div class=\"col-lg-6\">\n   <span class=\"wpcf7-form-control-wrap\" data-name=\"cf_email\"><input size=\"40\" class=\"wpcf7-form-control wpcf7-email wpcf7-validates-as-required wpcf7-text wpcf7-validates-as-email\" aria-required=\"true\" aria-invalid=\"false\" placeholder=\"Email\" value=\"\" type=\"email\" name=\"cf_email\" \/><\/span>\n  <\/div>\n  <div class=\"col-lg-12\">\n   <span class=\"wpcf7-form-control-wrap\" data-name=\"cf_text\"><textarea cols=\"40\" rows=\"10\" class=\"wpcf7-form-control wpcf7-textarea wpcf7-validates-as-required\" aria-required=\"true\" aria-invalid=\"false\" placeholder=\"Message\" name=\"cf_text\"><\/textarea><\/span>\n  <\/div>\n <\/div>\n <button class=\"tst-btn\" type=\"submit\" name=\"button\">Envoyer<\/button>\n<\/div><input type='hidden' class='wpcf7-pum' value='{\"closepopup\":false,\"closedelay\":0,\"openpopup\":false,\"openpopup_id\":0}' \/><div class=\"wpcf7-response-output\" aria-hidden=\"true\"><\/div>\n<\/form>\n<\/div>\n              <\/div>\n              \n            <\/div>\n\n        <\/div>\n\n\t\t<!-- container end -->\t\t\t\n\n\t\t\t\t<\/div>\n\t\t\t\t<\/div>\n\t\t\t\t\t<\/div>\n\t\t<\/div>\n\t\t\t\t\t\t\t<\/div>\n\t\t<\/section>\n\t\t\t\t\t\t\t<\/div>\n\t\t","protected":false},"excerpt":{"rendered":"<p>Contact On vous \u00e9coute ! N&rsquo;h\u00e9sitez pas \u00e0 nous contacter pour r\u00e9server ou poser vos questions ! Sinon, venez nous&#8230; <span class=\"tst-el-more\"><a href=\"https:\/\/lamangouste.net\/index.php\/contact\/\" class=\"tst-label tst-color tst-anima-link\">Read more<\/a><\/span><\/p>\n","protected":false},"author":1,"featured_media":0,"parent":0,"menu_order":0,"comment_status":"closed","ping_status":"closed","template":"template-layout-builder.php","meta":{"footnotes":""},"class_list":["post-624","page","type-page","status-publish","hentry"],"acf":[],"yoast_head":"<!-- This site is optimized with the Yoast SEO plugin v21.7 - https:\/\/yoast.com\/wordpress\/plugins\/seo\/ -->\n<title>CONTACT - La Mangouste<\/title>\n<meta name=\"description\" content=\"Restaurant - La Mangouste - Nantes. Pour r\u00e9server, nous poser vos questions ou pour un projet, n&#039;h\u00e9sitez-pas, contactez-nous ! A tr\u00e8s vite !\" \/>\n<meta name=\"robots\" content=\"index, follow, max-snippet:-1, max-image-preview:large, max-video-preview:-1\" \/>\n<link rel=\"canonical\" href=\"https:\/\/lamangouste.net\/index.php\/contact\/\" \/>\n<meta property=\"og:locale\" content=\"fr_FR\" \/>\n<meta property=\"og:type\" content=\"article\" \/>\n<meta property=\"og:title\" content=\"CONTACT - La Mangouste\" \/>\n<meta property=\"og:description\" content=\"Restaurant - La Mangouste - Nantes. Pour r\u00e9server, nous poser vos questions ou pour un projet, n&#039;h\u00e9sitez-pas, contactez-nous ! A tr\u00e8s vite !\" \/>\n<meta property=\"og:url\" content=\"https:\/\/lamangouste.net\/index.php\/contact\/\" \/>\n<meta property=\"og:site_name\" content=\"La Mangouste\" \/>\n<meta property=\"article:publisher\" content=\"https:\/\/www.facebook.com\/LaMangousteNantes\" \/>\n<meta property=\"article:modified_time\" content=\"2026-03-03T15:50:38+00:00\" \/>\n<meta name=\"twitter:card\" content=\"summary_large_image\" \/>\n<meta name=\"twitter:label1\" content=\"Dur\u00e9e de lecture estim\u00e9e\" \/>\n\t<meta name=\"twitter:data1\" content=\"1 minute\" \/>\n<script type=\"application\/ld+json\" class=\"yoast-schema-graph\">{\"@context\":\"https:\/\/schema.org\",\"@graph\":[{\"@type\":\"WebPage\",\"@id\":\"https:\/\/lamangouste.net\/index.php\/contact\/\",\"url\":\"https:\/\/lamangouste.net\/index.php\/contact\/\",\"name\":\"CONTACT - La Mangouste\",\"isPartOf\":{\"@id\":\"https:\/\/lamangouste.net\/#website\"},\"datePublished\":\"2021-05-06T07:17:43+00:00\",\"dateModified\":\"2026-03-03T15:50:38+00:00\",\"description\":\"Restaurant - La Mangouste - Nantes. Pour r\u00e9server, nous poser vos questions ou pour un projet, n'h\u00e9sitez-pas, contactez-nous ! A tr\u00e8s vite !\",\"breadcrumb\":{\"@id\":\"https:\/\/lamangouste.net\/index.php\/contact\/#breadcrumb\"},\"inLanguage\":\"fr-FR\",\"potentialAction\":[{\"@type\":\"ReadAction\",\"target\":[\"https:\/\/lamangouste.net\/index.php\/contact\/\"]}]},{\"@type\":\"BreadcrumbList\",\"@id\":\"https:\/\/lamangouste.net\/index.php\/contact\/#breadcrumb\",\"itemListElement\":[{\"@type\":\"ListItem\",\"position\":1,\"name\":\"Accueil\",\"item\":\"https:\/\/lamangouste.net\/\"},{\"@type\":\"ListItem\",\"position\":2,\"name\":\"CONTACT\"}]},{\"@type\":\"WebSite\",\"@id\":\"https:\/\/lamangouste.net\/#website\",\"url\":\"https:\/\/lamangouste.net\/\",\"name\":\"La Mangouste\",\"description\":\"Nantes - Restaurant - Bar \u00e0 cocktail - Vins naturels\",\"publisher\":{\"@id\":\"https:\/\/lamangouste.net\/#organization\"},\"potentialAction\":[{\"@type\":\"SearchAction\",\"target\":{\"@type\":\"EntryPoint\",\"urlTemplate\":\"https:\/\/lamangouste.net\/?s={search_term_string}\"},\"query-input\":\"required name=search_term_string\"}],\"inLanguage\":\"fr-FR\"},{\"@type\":\"Organization\",\"@id\":\"https:\/\/lamangouste.net\/#organization\",\"name\":\"La Mangouste\",\"url\":\"https:\/\/lamangouste.net\/\",\"logo\":{\"@type\":\"ImageObject\",\"inLanguage\":\"fr-FR\",\"@id\":\"https:\/\/lamangouste.net\/#\/schema\/logo\/image\/\",\"url\":\"https:\/\/lamangouste.net\/wp-content\/uploads\/2021\/04\/logo-jaune-et-bleu.png\",\"contentUrl\":\"https:\/\/lamangouste.net\/wp-content\/uploads\/2021\/04\/logo-jaune-et-bleu.png\",\"width\":1142,\"height\":150,\"caption\":\"La Mangouste\"},\"image\":{\"@id\":\"https:\/\/lamangouste.net\/#\/schema\/logo\/image\/\"},\"sameAs\":[\"https:\/\/www.facebook.com\/LaMangousteNantes\",\"https:\/\/www.instagram.com\/lamangousterestaurant\/?hl=fr\"]}]}<\/script>\n<!-- \/ Yoast SEO plugin. -->","yoast_head_json":{"title":"CONTACT - La Mangouste","description":"Restaurant - La Mangouste - Nantes. Pour r\u00e9server, nous poser vos questions ou pour un projet, n'h\u00e9sitez-pas, contactez-nous ! A tr\u00e8s vite !","robots":{"index":"index","follow":"follow","max-snippet":"max-snippet:-1","max-image-preview":"max-image-preview:large","max-video-preview":"max-video-preview:-1"},"canonical":"https:\/\/lamangouste.net\/index.php\/contact\/","og_locale":"fr_FR","og_type":"article","og_title":"CONTACT - La Mangouste","og_description":"Restaurant - La Mangouste - Nantes. Pour r\u00e9server, nous poser vos questions ou pour un projet, n'h\u00e9sitez-pas, contactez-nous ! A tr\u00e8s vite !","og_url":"https:\/\/lamangouste.net\/index.php\/contact\/","og_site_name":"La Mangouste","article_publisher":"https:\/\/www.facebook.com\/LaMangousteNantes","article_modified_time":"2026-03-03T15:50:38+00:00","twitter_card":"summary_large_image","twitter_misc":{"Dur\u00e9e de lecture estim\u00e9e":"1 minute"},"schema":{"@context":"https:\/\/schema.org","@graph":[{"@type":"WebPage","@id":"https:\/\/lamangouste.net\/index.php\/contact\/","url":"https:\/\/lamangouste.net\/index.php\/contact\/","name":"CONTACT - La Mangouste","isPartOf":{"@id":"https:\/\/lamangouste.net\/#website"},"datePublished":"2021-05-06T07:17:43+00:00","dateModified":"2026-03-03T15:50:38+00:00","description":"Restaurant - La Mangouste - Nantes. Pour r\u00e9server, nous poser vos questions ou pour un projet, n'h\u00e9sitez-pas, contactez-nous ! A tr\u00e8s vite !","breadcrumb":{"@id":"https:\/\/lamangouste.net\/index.php\/contact\/#breadcrumb"},"inLanguage":"fr-FR","potentialAction":[{"@type":"ReadAction","target":["https:\/\/lamangouste.net\/index.php\/contact\/"]}]},{"@type":"BreadcrumbList","@id":"https:\/\/lamangouste.net\/index.php\/contact\/#breadcrumb","itemListElement":[{"@type":"ListItem","position":1,"name":"Accueil","item":"https:\/\/lamangouste.net\/"},{"@type":"ListItem","position":2,"name":"CONTACT"}]},{"@type":"WebSite","@id":"https:\/\/lamangouste.net\/#website","url":"https:\/\/lamangouste.net\/","name":"La Mangouste","description":"Nantes - Restaurant - Bar \u00e0 cocktail - Vins naturels","publisher":{"@id":"https:\/\/lamangouste.net\/#organization"},"potentialAction":[{"@type":"SearchAction","target":{"@type":"EntryPoint","urlTemplate":"https:\/\/lamangouste.net\/?s={search_term_string}"},"query-input":"required name=search_term_string"}],"inLanguage":"fr-FR"},{"@type":"Organization","@id":"https:\/\/lamangouste.net\/#organization","name":"La Mangouste","url":"https:\/\/lamangouste.net\/","logo":{"@type":"ImageObject","inLanguage":"fr-FR","@id":"https:\/\/lamangouste.net\/#\/schema\/logo\/image\/","url":"https:\/\/lamangouste.net\/wp-content\/uploads\/2021\/04\/logo-jaune-et-bleu.png","contentUrl":"https:\/\/lamangouste.net\/wp-content\/uploads\/2021\/04\/logo-jaune-et-bleu.png","width":1142,"height":150,"caption":"La Mangouste"},"image":{"@id":"https:\/\/lamangouste.net\/#\/schema\/logo\/image\/"},"sameAs":["https:\/\/www.facebook.com\/LaMangousteNantes","https:\/\/www.instagram.com\/lamangousterestaurant\/?hl=fr"]}]}},"_links":{"self":[{"href":"https:\/\/lamangouste.net\/index.php\/wp-json\/wp\/v2\/pages\/624","targetHints":{"allow":["GET"]}}],"collection":[{"href":"https:\/\/lamangouste.net\/index.php\/wp-json\/wp\/v2\/pages"}],"about":[{"href":"https:\/\/lamangouste.net\/index.php\/wp-json\/wp\/v2\/types\/page"}],"author":[{"embeddable":true,"href":"https:\/\/lamangouste.net\/index.php\/wp-json\/wp\/v2\/users\/1"}],"replies":[{"embeddable":true,"href":"https:\/\/lamangouste.net\/index.php\/wp-json\/wp\/v2\/comments?post=624"}],"version-history":[{"count":38,"href":"https:\/\/lamangouste.net\/index.php\/wp-json\/wp\/v2\/pages\/624\/revisions"}],"predecessor-version":[{"id":3437,"href":"https:\/\/lamangouste.net\/index.php\/wp-json\/wp\/v2\/pages\/624\/revisions\/3437"}],"wp:attachment":[{"href":"https:\/\/lamangouste.net\/index.php\/wp-json\/wp\/v2\/media?parent=624"}],"curies":[{"name":"wp","href":"https:\/\/api.w.org\/{rel}","templated":true}]}}