{"id":1914,"date":"2022-03-29T11:14:00","date_gmt":"2022-03-29T09:14:00","guid":{"rendered":"https:\/\/lamangouste.net\/?page_id=1914"},"modified":"2022-03-29T11:22:03","modified_gmt":"2022-03-29T09:22:03","slug":"mentions-legales","status":"publish","type":"page","link":"https:\/\/lamangouste.net\/index.php\/mentions-legales\/","title":{"rendered":"Mentions l\u00e9gales"},"content":{"rendered":"\n<h2 class=\"wp-block-heading\"><\/h2>\n\n\n\n<p>Conform\u00e9ment aux dispositions des articles 6-III et 19 de la Loi n\u00b0 2004-575 du 21 juin 2004 pour la Confiance dans l\u2019\u00e9conomie num\u00e9rique, dite L.C.E.N., nous portons \u00e0 la connaissance des utilisateurs et visiteurs du site LA MANGOUSTE les informations suivantes :<\/p>\n\n\n\n<p><strong>Informations l\u00e9gales :<\/strong><\/p>\n\n\n\n<p>Nom de la Soci\u00e9t\u00e9 : LA MANGOUSTE<br>Adresse : 30 RUE FOUR\u00c9 &#8211; NANTES 44000<br>Tel :&nbsp;02 51 72 31 81<br>SIRET : 88205239200017<br>Adresse de courrier \u00e9lectronique : contact@lamangouste.net<\/p>\n\n\n\n<p>LA MANGOUSTE<\/p>\n\n\n\n<p>Le cr\u00e9ateur du site est :\u00a0<a href=\"https:\/\/lucasbarbereau.fr\/\" data-type=\"URL\" data-id=\"https:\/\/lucasbarbereau.fr\/\">Lucas Barbereau<\/a><br>Adresse postale : 18 rue de la Rogne, Br\u00e9tignolles-sur-Mer 85470<br>T\u00e9l\u00e9phone : 07 70 52 38 88<br>Contactez le cr\u00e9ateur du site internet :\u00a0<a href=\"mailto:contact@lucasbarbereau.fr\" data-type=\"mailto\" data-id=\"mailto:contact@lucasbarbereau.fr\">contact@lucasbarbereau.fr<\/a><br>L\u2019h\u00e9bergeur du site est : OVH, 2 RUE KELLERMANN 59100 ROUBAIX<\/p>\n\n\n\n<p><strong>Droit \u00e0 l\u2019image<\/strong><\/p>\n\n\n\n<p>L\u2019entreprise LA MANGOUSTE informe sa client\u00e8le que vous pourrez \u00eatre pris en photos.<br>Ces photos seront exclusivement utilis\u00e9es dans un cadre professionnel et dans le but d\u2019imager le site internet ou les publicit\u00e9s de l\u2019entreprise.<br>Bien entendu si vous ne souhaitez pas que des photos de vous m\u00eame ou des personnes de votre famille apparaissent, merci de nous signaler par tout moyen lorsque vous les verrez sur ce site internet. Le cas \u00e9ch\u00e9ant, nous nous engageons \u00e0 les supprimer sans d\u00e9lai.<br>Avec nos remerciements pour votre compr\u00e9hension<\/p>\n\n\n\n<p><strong>Description des services fournis :<\/strong><\/p>\n\n\n\n<p>Le site LA MANGOUSTE pour objet de fournir une information concernant l\u2019ensemble des activit\u00e9s de la soci\u00e9t\u00e9.<\/p>\n\n\n\n<p>Le propri\u00e9taire du site s\u2019efforce de fournir sur le site&nbsp;LA MANGOUSTE&nbsp;des informations aussi pr\u00e9cises que possible. Toutefois, il ne pourra \u00eatre tenue responsable des omissions, des inexactitudes et des carences dans la mise \u00e0 jour, qu\u2019elles soient de son fait ou du fait des tiers partenaires qui lui fournissent ces informations.<br>Tous les informations propos\u00e9es sur le site&nbsp;LA MANGOUSTE&nbsp;sont donn\u00e9es \u00e0 titre indicatif, sont non exhaustives, et sont susceptibles d\u2019\u00e9voluer. Elles sont donn\u00e9es sous r\u00e9serve de modifications ayant \u00e9t\u00e9 apport\u00e9es depuis leur mise en ligne.<\/p>\n\n\n\n<p><strong>Propri\u00e9t\u00e9 intellectuelle et contrefa\u00e7ons :<\/strong><\/p>\n\n\n\n<p>Le propri\u00e9taire du site est propri\u00e9taire des droits de propri\u00e9t\u00e9 intellectuelle ou d\u00e9tient les droits d\u2019usage sur tous les \u00e9l\u00e9ments accessibles sur le site, notamment les textes, images, graphismes, logo, ic\u00f4nes, sons, logiciels\u2026<\/p>\n\n\n\n<p>Toute reproduction, repr\u00e9sentation, modification, publication, adaptation totale ou partielle des \u00e9l\u00e9ments du site, quel que soit le moyen ou le proc\u00e9d\u00e9 utilis\u00e9, est interdite, sauf autorisation \u00e9crite pr\u00e9alable \u00e0 l\u2019email : LA MANGOUSTE<\/p>\n\n\n\n<p>Toute exploitation non autoris\u00e9e du site ou de l\u2019un quelconque de ces \u00e9l\u00e9ments qu\u2019il contient sera consid\u00e9r\u00e9e comme constitutive d\u2019une contrefa\u00e7on et poursuivie conform\u00e9ment aux dispositions des articles L.335-2 et suivants du Code de Propri\u00e9t\u00e9 Intellectuelle.<\/p>\n\n\n\n<p><strong>Liens hypertextes et cookies :<\/strong><\/p>\n\n\n\n<p>L\u2019utilisateur est inform\u00e9 que lors de ses visites sur le site&nbsp;LA MANGOUSTE, un ou des cookies sont susceptibles de s\u2019installer automatiquement sur son ordinateur. Un cookie est un fichier de petite taille, qui ne permet pas l\u2019identification de l\u2019utilisateur, mais qui enregistre des informations relatives \u00e0 la navigation d\u2019un ordinateur sur un site. Les donn\u00e9es ainsi obtenues visent \u00e0 faciliter la navigation ult\u00e9rieure sur le site, et ont \u00e9galement vocation \u00e0 permettre diverses mesures de fr\u00e9quentation.<\/p>\n\n\n\n<p>Le param\u00e8trage du logiciel de navigation permet d\u2019informer de la pr\u00e9sence de cookies et \u00e9ventuellement, de les refuser de la mani\u00e8re d\u00e9crite \u00e0 l\u2019adresse suivante :&nbsp;<a href=\"http:\/\/www.cnil.fr\/\">www.cnil.fr<\/a><\/p>\n\n\n\n<p>Le refus d\u2019installation d\u2019un cookie peut entra\u00eener l\u2019impossibilit\u00e9 d\u2019acc\u00e9der \u00e0 certains services. L\u2019utilisateur peut toutefois configurer son ordinateur de la mani\u00e8re suivante, pour refuser l\u2019installation des cookies :<\/p>\n\n\n\n<p>Sous Internet Explorer : onglet outil \/ options internet. Cliquez sur Confidentialit\u00e9 et choisissez Bloquer tous les cookies. Validez sur Ok.<br>Sous Netscape : onglet \u00e9dition \/ pr\u00e9f\u00e9rences. Cliquez sur Avanc\u00e9es et choisissez D\u00e9sactiver les cookies. Validez sur Ok.<\/p>\n\n\n\n<p><strong>Protection des biens et des personnes \u2013 gestion des donn\u00e9es personnelles :<\/strong><\/p>\n\n\n\n<p>Utilisateur : Internaute se connectant, utilisant le site surnomm\u00e9 : LA MANGOUSTE<br>En France, les donn\u00e9es personnelles sont notamment prot\u00e9g\u00e9es par la loi n\u00b0 78-87 du 6 janvier 1978, la loi n\u00b0 2004-801 du 6 ao\u00fbt 2004, l\u2019article L. 226-13 du Code p\u00e9nal et la Directive Europ\u00e9enne du 24 octobre 1995.<\/p>\n\n\n\n<p>Sur le site&nbsp;LA MANGOUSTE, le propri\u00e9taire du site ne collecte des informations personnelles relatives \u00e0 l\u2019utilisateur que pour le besoin de certains services propos\u00e9s par le site&nbsp;LA MANGOUSTE. L\u2019utilisateur fournit ces informations en toute connaissance de cause, notamment lorsqu\u2019il proc\u00e8de par lui-m\u00eame \u00e0 leur saisie. Il est alors pr\u00e9cis\u00e9 \u00e0 l\u2019utilisateur du site&nbsp;LA MANGOUSTE&nbsp;l\u2019obligation ou non de fournir ces informations.<\/p>\n\n\n\n<p>Conform\u00e9ment aux dispositions des articles 38 et suivants de la loi 78-17 du 6 janvier 1978 relative \u00e0 l\u2019informatique, aux fichiers et aux libert\u00e9s, tout utilisateur dispose d\u2019un droit d\u2019acc\u00e8s, de rectification, de suppression et d\u2019opposition aux donn\u00e9es personnelles le concernant. Pour l\u2019exercer, adressez votre demande \u00e0 LA MANGOUSTE&nbsp;par email : contact@lamangouste.net ou en effectuant sa demande \u00e9crite et sign\u00e9e, accompagn\u00e9e d\u2019une copie du titre d\u2019identit\u00e9 avec signature du titulaire de la pi\u00e8ce, en pr\u00e9cisant l\u2019adresse \u00e0 laquelle la r\u00e9ponse doit \u00eatre envoy\u00e9e.<\/p>\n\n\n\n<p>Aucune information personnelle de l\u2019utilisateur du site LA MANGOUSTE&nbsp;n\u2019est publi\u00e9e \u00e0 l\u2019insu de l\u2019utilisateur, \u00e9chang\u00e9e, transf\u00e9r\u00e9e, c\u00e9d\u00e9e ou vendue sur un support quelconque \u00e0 des tiers.<\/p>\n\n\n\n<p>Le site LA MANGOUSTE est en conformit\u00e9 avec le RGPD&nbsp;<a href=\"https:\/\/lamangouste.net\/index.php\/politique-de-confidentialite\/\" data-type=\"URL\" data-id=\"https:\/\/lamangouste.net\/index.php\/politique-de-confidentialite\/\">voir notre politique RGPD.<\/a><\/p>\n\n\n\n<p>Les bases de donn\u00e9es sont prot\u00e9g\u00e9es par les dispositions de la loi du 1er juillet 1998 transposant la directive 96\/9 du 11 mars 1996 relative \u00e0 la protection juridique des bases de donn\u00e9es.<\/p>\n","protected":false},"excerpt":{"rendered":"<p>Conform\u00e9ment aux dispositions des articles 6-III et 19 de la Loi n\u00b0 2004-575 du 21 juin 2004 pour la Confiance&#8230; <span class=\"tst-el-more\"><a href=\"https:\/\/lamangouste.net\/index.php\/mentions-legales\/\" class=\"tst-label tst-color tst-anima-link\">Read more<\/a><\/span><\/p>\n","protected":false},"author":1,"featured_media":0,"parent":0,"menu_order":0,"comment_status":"closed","ping_status":"closed","template":"","meta":{"footnotes":""},"class_list":["post-1914","page","type-page","status-publish","hentry"],"acf":[],"yoast_head":"<!-- This site is optimized with the Yoast SEO plugin v21.7 - https:\/\/yoast.com\/wordpress\/plugins\/seo\/ -->\n<title>Mentions l\u00e9gales - La Mangouste<\/title>\n<meta name=\"robots\" content=\"index, follow, max-snippet:-1, max-image-preview:large, max-video-preview:-1\" \/>\n<link rel=\"canonical\" href=\"https:\/\/lamangouste.net\/index.php\/mentions-legales\/\" \/>\n<meta property=\"og:locale\" content=\"fr_FR\" \/>\n<meta property=\"og:type\" content=\"article\" \/>\n<meta property=\"og:title\" content=\"Mentions l\u00e9gales - La Mangouste\" \/>\n<meta property=\"og:description\" content=\"Conform\u00e9ment aux dispositions des articles 6-III et 19 de la Loi n\u00b0 2004-575 du 21 juin 2004 pour la Confiance... Read more\" \/>\n<meta property=\"og:url\" content=\"https:\/\/lamangouste.net\/index.php\/mentions-legales\/\" \/>\n<meta property=\"og:site_name\" content=\"La Mangouste\" \/>\n<meta property=\"article:publisher\" content=\"https:\/\/www.facebook.com\/LaMangousteNantes\" \/>\n<meta property=\"article:modified_time\" content=\"2022-03-29T09:22:03+00:00\" \/>\n<meta name=\"twitter:card\" content=\"summary_large_image\" \/>\n<meta name=\"twitter:label1\" content=\"Dur\u00e9e de lecture estim\u00e9e\" \/>\n\t<meta name=\"twitter:data1\" content=\"5 minutes\" \/>\n<script type=\"application\/ld+json\" class=\"yoast-schema-graph\">{\"@context\":\"https:\/\/schema.org\",\"@graph\":[{\"@type\":\"WebPage\",\"@id\":\"https:\/\/lamangouste.net\/index.php\/mentions-legales\/\",\"url\":\"https:\/\/lamangouste.net\/index.php\/mentions-legales\/\",\"name\":\"Mentions l\u00e9gales - La Mangouste\",\"isPartOf\":{\"@id\":\"https:\/\/lamangouste.net\/#website\"},\"datePublished\":\"2022-03-29T09:14:00+00:00\",\"dateModified\":\"2022-03-29T09:22:03+00:00\",\"breadcrumb\":{\"@id\":\"https:\/\/lamangouste.net\/index.php\/mentions-legales\/#breadcrumb\"},\"inLanguage\":\"fr-FR\",\"potentialAction\":[{\"@type\":\"ReadAction\",\"target\":[\"https:\/\/lamangouste.net\/index.php\/mentions-legales\/\"]}]},{\"@type\":\"BreadcrumbList\",\"@id\":\"https:\/\/lamangouste.net\/index.php\/mentions-legales\/#breadcrumb\",\"itemListElement\":[{\"@type\":\"ListItem\",\"position\":1,\"name\":\"Accueil\",\"item\":\"https:\/\/lamangouste.net\/\"},{\"@type\":\"ListItem\",\"position\":2,\"name\":\"Mentions l\u00e9gales\"}]},{\"@type\":\"WebSite\",\"@id\":\"https:\/\/lamangouste.net\/#website\",\"url\":\"https:\/\/lamangouste.net\/\",\"name\":\"La Mangouste\",\"description\":\"Nantes - Restaurant - Bar \u00e0 cocktail - Vins naturels\",\"publisher\":{\"@id\":\"https:\/\/lamangouste.net\/#organization\"},\"potentialAction\":[{\"@type\":\"SearchAction\",\"target\":{\"@type\":\"EntryPoint\",\"urlTemplate\":\"https:\/\/lamangouste.net\/?s={search_term_string}\"},\"query-input\":\"required name=search_term_string\"}],\"inLanguage\":\"fr-FR\"},{\"@type\":\"Organization\",\"@id\":\"https:\/\/lamangouste.net\/#organization\",\"name\":\"La Mangouste\",\"url\":\"https:\/\/lamangouste.net\/\",\"logo\":{\"@type\":\"ImageObject\",\"inLanguage\":\"fr-FR\",\"@id\":\"https:\/\/lamangouste.net\/#\/schema\/logo\/image\/\",\"url\":\"https:\/\/lamangouste.net\/wp-content\/uploads\/2021\/04\/logo-jaune-et-bleu.png\",\"contentUrl\":\"https:\/\/lamangouste.net\/wp-content\/uploads\/2021\/04\/logo-jaune-et-bleu.png\",\"width\":1142,\"height\":150,\"caption\":\"La Mangouste\"},\"image\":{\"@id\":\"https:\/\/lamangouste.net\/#\/schema\/logo\/image\/\"},\"sameAs\":[\"https:\/\/www.facebook.com\/LaMangousteNantes\",\"https:\/\/www.instagram.com\/lamangousterestaurant\/?hl=fr\"]}]}<\/script>\n<!-- \/ Yoast SEO plugin. -->","yoast_head_json":{"title":"Mentions l\u00e9gales - La Mangouste","robots":{"index":"index","follow":"follow","max-snippet":"max-snippet:-1","max-image-preview":"max-image-preview:large","max-video-preview":"max-video-preview:-1"},"canonical":"https:\/\/lamangouste.net\/index.php\/mentions-legales\/","og_locale":"fr_FR","og_type":"article","og_title":"Mentions l\u00e9gales - La Mangouste","og_description":"Conform\u00e9ment aux dispositions des articles 6-III et 19 de la Loi n\u00b0 2004-575 du 21 juin 2004 pour la Confiance... Read more","og_url":"https:\/\/lamangouste.net\/index.php\/mentions-legales\/","og_site_name":"La Mangouste","article_publisher":"https:\/\/www.facebook.com\/LaMangousteNantes","article_modified_time":"2022-03-29T09:22:03+00:00","twitter_card":"summary_large_image","twitter_misc":{"Dur\u00e9e de lecture estim\u00e9e":"5 minutes"},"schema":{"@context":"https:\/\/schema.org","@graph":[{"@type":"WebPage","@id":"https:\/\/lamangouste.net\/index.php\/mentions-legales\/","url":"https:\/\/lamangouste.net\/index.php\/mentions-legales\/","name":"Mentions l\u00e9gales - La Mangouste","isPartOf":{"@id":"https:\/\/lamangouste.net\/#website"},"datePublished":"2022-03-29T09:14:00+00:00","dateModified":"2022-03-29T09:22:03+00:00","breadcrumb":{"@id":"https:\/\/lamangouste.net\/index.php\/mentions-legales\/#breadcrumb"},"inLanguage":"fr-FR","potentialAction":[{"@type":"ReadAction","target":["https:\/\/lamangouste.net\/index.php\/mentions-legales\/"]}]},{"@type":"BreadcrumbList","@id":"https:\/\/lamangouste.net\/index.php\/mentions-legales\/#breadcrumb","itemListElement":[{"@type":"ListItem","position":1,"name":"Accueil","item":"https:\/\/lamangouste.net\/"},{"@type":"ListItem","position":2,"name":"Mentions l\u00e9gales"}]},{"@type":"WebSite","@id":"https:\/\/lamangouste.net\/#website","url":"https:\/\/lamangouste.net\/","name":"La Mangouste","description":"Nantes - Restaurant - Bar \u00e0 cocktail - Vins naturels","publisher":{"@id":"https:\/\/lamangouste.net\/#organization"},"potentialAction":[{"@type":"SearchAction","target":{"@type":"EntryPoint","urlTemplate":"https:\/\/lamangouste.net\/?s={search_term_string}"},"query-input":"required name=search_term_string"}],"inLanguage":"fr-FR"},{"@type":"Organization","@id":"https:\/\/lamangouste.net\/#organization","name":"La Mangouste","url":"https:\/\/lamangouste.net\/","logo":{"@type":"ImageObject","inLanguage":"fr-FR","@id":"https:\/\/lamangouste.net\/#\/schema\/logo\/image\/","url":"https:\/\/lamangouste.net\/wp-content\/uploads\/2021\/04\/logo-jaune-et-bleu.png","contentUrl":"https:\/\/lamangouste.net\/wp-content\/uploads\/2021\/04\/logo-jaune-et-bleu.png","width":1142,"height":150,"caption":"La Mangouste"},"image":{"@id":"https:\/\/lamangouste.net\/#\/schema\/logo\/image\/"},"sameAs":["https:\/\/www.facebook.com\/LaMangousteNantes","https:\/\/www.instagram.com\/lamangousterestaurant\/?hl=fr"]}]}},"_links":{"self":[{"href":"https:\/\/lamangouste.net\/index.php\/wp-json\/wp\/v2\/pages\/1914","targetHints":{"allow":["GET"]}}],"collection":[{"href":"https:\/\/lamangouste.net\/index.php\/wp-json\/wp\/v2\/pages"}],"about":[{"href":"https:\/\/lamangouste.net\/index.php\/wp-json\/wp\/v2\/types\/page"}],"author":[{"embeddable":true,"href":"https:\/\/lamangouste.net\/index.php\/wp-json\/wp\/v2\/users\/1"}],"replies":[{"embeddable":true,"href":"https:\/\/lamangouste.net\/index.php\/wp-json\/wp\/v2\/comments?post=1914"}],"version-history":[{"count":2,"href":"https:\/\/lamangouste.net\/index.php\/wp-json\/wp\/v2\/pages\/1914\/revisions"}],"predecessor-version":[{"id":1920,"href":"https:\/\/lamangouste.net\/index.php\/wp-json\/wp\/v2\/pages\/1914\/revisions\/1920"}],"wp:attachment":[{"href":"https:\/\/lamangouste.net\/index.php\/wp-json\/wp\/v2\/media?parent=1914"}],"curies":[{"name":"wp","href":"https:\/\/api.w.org\/{rel}","templated":true}]}}